{"id":13,"date":"2019-01-13T08:57:35","date_gmt":"2019-01-13T06:57:35","guid":{"rendered":"http:\/\/www.feedback-rh.com\/?page_id=13"},"modified":"2021-09-16T15:42:08","modified_gmt":"2021-09-16T13:42:08","slug":"que-faig","status":"publish","type":"page","link":"https:\/\/www.evajuncosa.com\/ca\/que-faig\/","title":{"rendered":"Qu\u00e8 faig?"},"content":{"rendered":"<h3>1. Coaching executiu:<\/h3>\n<p>Orientat a facilitar la consecuci\u00f3 dels objectius personals i professionals. Treballem els seus prop\u00f2sits i els acompanyem perqu\u00e8 puguin donar el millor d\u2019elles mateixes. Les fases del treball de desenvolupament passen per: focalitzar l&#8217;objectiu, determinar qu\u00e8 fer per aconseguir-ho i finalment, fer-ho (actuar)<\/p>\n<h3>2. Coaching d&#8217;equips:<\/h3>\n<p>Orientat a equips de treball en la definici\u00f3 i consecuci\u00f3 dels objectius que es proposen, per aix\u00ed aconseguir millors resultats. Els objectius poden ser major cohesi\u00f3 en l&#8217;equip, major comunicaci\u00f3 amb el propi equip o amb els altres, m\u00e9s efic\u00e0cia, millor flu\u00efdesa en els rols, millor lideratge, etc.<\/p>\n<h3>3. Formaci\u00f3:<\/h3>\n<p>Desenvolupem les habilitats necess\u00e0ries per a la gesti\u00f3 de la persona (intel\u00b7lig\u00e8ncia emocional, gesti\u00f3 del temps i estr\u00e8s, \u2026) i la seva interacci\u00f3 amb els altres (treball en equip, direcci\u00f3 de l&#8217;equip de treball etc.).<\/p>\n","protected":false},"excerpt":{"rendered":"<p>1. Coaching executiu: Orientat a facilitar la consecuci\u00f3 dels objectius personals i professionals. Treballem els seus prop\u00f2sits i els acompanyem perqu\u00e8 puguin donar el millor d\u2019elles mateixes. Les fases del treball de desenvolupament passen per: focalitzar l&#8217;objectiu, determinar qu\u00e8 fer per aconseguir-ho i finalment, fer-ho (actuar) 2. Coaching d&#8217;equips: Orientat a equips de treball en [&hellip;]<\/p>\n","protected":false},"author":1,"featured_media":88,"parent":0,"menu_order":0,"comment_status":"closed","ping_status":"closed","template":"","meta":{"footnotes":""},"class_list":["post-13","page","type-page","status-publish","has-post-thumbnail","hentry"],"_links":{"self":[{"href":"https:\/\/www.evajuncosa.com\/ca\/wp-json\/wp\/v2\/pages\/13","targetHints":{"allow":["GET"]}}],"collection":[{"href":"https:\/\/www.evajuncosa.com\/ca\/wp-json\/wp\/v2\/pages"}],"about":[{"href":"https:\/\/www.evajuncosa.com\/ca\/wp-json\/wp\/v2\/types\/page"}],"author":[{"embeddable":true,"href":"https:\/\/www.evajuncosa.com\/ca\/wp-json\/wp\/v2\/users\/1"}],"replies":[{"embeddable":true,"href":"https:\/\/www.evajuncosa.com\/ca\/wp-json\/wp\/v2\/comments?post=13"}],"version-history":[{"count":3,"href":"https:\/\/www.evajuncosa.com\/ca\/wp-json\/wp\/v2\/pages\/13\/revisions"}],"predecessor-version":[{"id":760,"href":"https:\/\/www.evajuncosa.com\/ca\/wp-json\/wp\/v2\/pages\/13\/revisions\/760"}],"wp:featuredmedia":[{"embeddable":true,"href":"https:\/\/www.evajuncosa.com\/ca\/wp-json\/wp\/v2\/media\/88"}],"wp:attachment":[{"href":"https:\/\/www.evajuncosa.com\/ca\/wp-json\/wp\/v2\/media?parent=13"}],"curies":[{"name":"wp","href":"https:\/\/api.w.org\/{rel}","templated":true}]}}