{"id":15,"date":"2019-01-13T08:58:51","date_gmt":"2019-01-13T06:58:51","guid":{"rendered":"http:\/\/www.feedback-rh.com\/?page_id=15"},"modified":"2019-01-14T00:24:09","modified_gmt":"2019-01-13T22:24:09","slug":"eva","status":"publish","type":"page","link":"https:\/\/www.evajuncosa.com\/ca\/que-faig\/eva\/","title":{"rendered":"Eva Juncosa"},"content":{"rendered":"\n<h3 class=\"wp-block-heading\">La meva passi\u00f3<\/h3>\n\n\n\n<p>M&#8217;apassiona con\u00e8ixer i comprendre el comportament de les persones i dels grups. S\u00f3c curiosa, m&#8217;encanta aprendre i oferir als altres el que aprenc (la meva motxilla de recursos) per a facilitar un desenvolupament efectiu i complet.<\/p>\n\n\n\n<p>Aprendre i acompanyar els altres en el seu aprenentatge per a una bona vida \u00e9s la meva ra\u00f3 de ser.<\/p>\n\n\n\n<p>Crec en l&#8217;immens potencial d&#8217;aprenentatge de l&#8217;\u00e9sser hum\u00e0 i el meu comprom\u00eds \u00e9s convidar i acompanyar els altres perqu\u00e8 ho desenvolupin i aconsegueixin la seva millor versi\u00f3. Per a mi l&#8217;\u00e9sser hum\u00e0 \u00e9s un tresor ple de possibilitats. Solament necessita que alg\u00fa l\u2019acompanyi per a descobrir-les.<\/p>\n\n\n\n<p>El meu afany de superaci\u00f3 em porta a buscar la millor forma de fer les coses i de contagiar aquesta actitud als altres.<\/p>\n\n\n\n<p>Acompanyar persones i equips d&#8217;empreses de diferents sectors i grand\u00e0ries \u00e9s un proc\u00e9s d&#8217;enriquiment mutu, divertit, productiu i reptador.<\/p>\n\n\n\n<p>Per\u00f2 tamb\u00e9 m&#8217;agrada construir un m\u00f3n millor d&#8217;una altra forma.<\/p>\n\n\n\n<p>Com a orgullosa mare de dos fills, despr\u00e9s d&#8217;un llarg recorregut professional al m\u00f3n d&#8217;empresa, em vaig preguntar:<\/p>\n\n\n\n<p><strong>Com puc aplicar tot el que s\u00e9 i he apr\u00e8s en el m\u00f3n de les organitzacions, per a desenvolupar el talent de les futures generacions?<\/strong><\/p>\n\n\n\n<p>Aix\u00ed vaig comen\u00e7ar un nou cam\u00ed com a volunt\u00e0ria del Programa FEAC per acompanyar pares i professors en la recerca de millors formes d&#8217;educar als fills i alumnes. Aquesta experi\u00e8ncia va ser tan reveladora per a mi que em vaig dir a mi mateixa: vull m\u00e9s d&#8217;aix\u00f2 en la meva vida!<\/p>\n\n\n\n<p>Vaig iniciar el meu comprom\u00eds amb les futures generacions i amb el fascinant m\u00f3n de l&#8217;educaci\u00f3. Per aquest motiu, actualment compatibilitzo projectes empresarials amb projectes en el sector educatiu (escoles de pares, formaci\u00f3 de joves i de professors etc.).<\/p>\n\n\n\n<h3 class=\"wp-block-heading\">La meva formaci\u00f3<\/h3>\n\n\n\n<p>Em vaig llicenciar en Psicologia Cl\u00ednica i Industrial en 1989. El meu primer contacte amb el m\u00f3n de desenvolupament va ser com a docent en un curs de formaci\u00f3 ocupacional. Aprendre i mostrar all\u00f2 apr\u00e8s va ser revelador per a mi. Ja no havia tornada enrere \u2026<\/p>\n\n\n\n<p>Des de 1992 s\u00f3c soci Consultor a Feedback Desarrollo Humano y Organizacional. Des de la meva passi\u00f3 i vocaci\u00f3 en el desenvolupament de les persones, fa 20 anys que gaudeixo d\u2019acompanyar persones, equips i organitzacions perqu\u00e8 aconsegueixin la seva millor versi\u00f3, mitjan\u00e7ant el coaching, el coaching d&#8217;equips i la formaci\u00f3.<\/p>\n\n\n\n<p>Les meves principals funcions s\u00f3n el disseny, la direcci\u00f3, l&#8217;execuci\u00f3 i avaluaci\u00f3 de processos de desenvolupament del potencial en empreses de diferents sectors i grand\u00e0ries (multinacionals, PIMES, empreses familiars).<\/p>\n\n\n\n<p>Vaig comen\u00e7ar amb el desenvolupament d&#8217;habilitats d&#8217;orientaci\u00f3 al client (tele m\u00e0rqueting, t\u00e8cniques de venda, reclamacions, \u2026) i a poc a poc vaig centrar la meva atenci\u00f3 en l&#8217;entrenament de comandaments intermedis i llocs directius (habilitats de coaching per a desenvolupar el potencial de l&#8217;equip, gesti\u00f3 \u00f2ptima de l&#8217;equip de treball, gesti\u00f3 del temps, direcci\u00f3 de reunions, \u2026).<\/p>\n\n\n\n<p>L&#8217;any 2000 vaig estudiar Programaci\u00f3 Neuroling\u00fc\u00edstica. Aquesta formaci\u00f3 i el meu inter\u00e8s per realitzar processos de desenvolupament individuals m\u00e9s enll\u00e0 de la formaci\u00f3 en grup em van portar al coaching. En el 2005 vaig obtenir la certificaci\u00f3 de coach ontol\u00f2gic.<\/p>\n\n\n\n<p>El coaching complementa la meva formaci\u00f3 i em permet donar resposta a demandes dels meus clients per a generar aprenentatges individuals i de major profunditat. L&#8217;any 2009 vaig aconseguir la certificaci\u00f3 de coach d&#8217;equips.<\/p>\n","protected":false},"excerpt":{"rendered":"<p>La meva passi\u00f3 M&#8217;apassiona con\u00e8ixer i comprendre el comportament de les persones i dels grups. S\u00f3c curiosa, m&#8217;encanta aprendre i oferir als altres el que aprenc (la meva motxilla de recursos) per a facilitar un desenvolupament efectiu i complet. Aprendre i acompanyar els altres en el seu aprenentatge per a una bona vida \u00e9s la [&hellip;]<\/p>\n","protected":false},"author":1,"featured_media":91,"parent":13,"menu_order":0,"comment_status":"closed","ping_status":"closed","template":"","meta":{"footnotes":""},"class_list":["post-15","page","type-page","status-publish","has-post-thumbnail","hentry"],"_links":{"self":[{"href":"https:\/\/www.evajuncosa.com\/ca\/wp-json\/wp\/v2\/pages\/15","targetHints":{"allow":["GET"]}}],"collection":[{"href":"https:\/\/www.evajuncosa.com\/ca\/wp-json\/wp\/v2\/pages"}],"about":[{"href":"https:\/\/www.evajuncosa.com\/ca\/wp-json\/wp\/v2\/types\/page"}],"author":[{"embeddable":true,"href":"https:\/\/www.evajuncosa.com\/ca\/wp-json\/wp\/v2\/users\/1"}],"replies":[{"embeddable":true,"href":"https:\/\/www.evajuncosa.com\/ca\/wp-json\/wp\/v2\/comments?post=15"}],"version-history":[{"count":2,"href":"https:\/\/www.evajuncosa.com\/ca\/wp-json\/wp\/v2\/pages\/15\/revisions"}],"predecessor-version":[{"id":93,"href":"https:\/\/www.evajuncosa.com\/ca\/wp-json\/wp\/v2\/pages\/15\/revisions\/93"}],"up":[{"embeddable":true,"href":"https:\/\/www.evajuncosa.com\/ca\/wp-json\/wp\/v2\/pages\/13"}],"wp:featuredmedia":[{"embeddable":true,"href":"https:\/\/www.evajuncosa.com\/ca\/wp-json\/wp\/v2\/media\/91"}],"wp:attachment":[{"href":"https:\/\/www.evajuncosa.com\/ca\/wp-json\/wp\/v2\/media?parent=15"}],"curies":[{"name":"wp","href":"https:\/\/api.w.org\/{rel}","templated":true}]}}