{"id":19,"date":"2019-01-13T08:59:35","date_gmt":"2019-01-13T06:59:35","guid":{"rendered":"http:\/\/www.feedback-rh.com\/?page_id=19"},"modified":"2019-01-14T00:41:54","modified_gmt":"2019-01-13T22:41:54","slug":"per-a-que","status":"publish","type":"page","link":"https:\/\/www.evajuncosa.com\/ca\/per-a-que\/","title":{"rendered":"Per a qu\u00e8?"},"content":{"rendered":"\n<h3 class=\"wp-block-heading\">Et responem preguntant-te:<\/h3>\n\n\n\n<p>Quins serien els beneficis per a la teva empresa si els l\u00edders dels teus equips&nbsp;<strong>desenvolupessin el talent de les persones?<\/strong><\/p>\n\n\n\n<p>Com millorarien els resultats si la comunicaci\u00f3&nbsp;<strong>dels teus equips fos m\u00e9s flu\u00efda?<\/strong><\/p>\n\n\n\n<p>Quanta efic\u00e0cia guanyar\u00edem si les persones milloressin la seva&nbsp;<strong>gesti\u00f3 del temps<\/strong>&nbsp;i prioritzessin les seves tasques?<\/p>\n\n\n\n<p>Quant incrementar\u00edem les vendes si els venedors&nbsp;<strong>gestionessin millor les objeccions?<\/strong><\/p>\n\n\n\n<p>Quins serien els resultats i la imatge que projectar\u00edem al mercat si els departaments i&nbsp;<strong>els equips estiguessin alineats cap als mateixos objectius estrat\u00e8gics?<\/strong><\/p>\n\n\n\n<p>Com es beneficiarien les persones i quins resultats obtindr\u00edem, si cre\u00e9ssim&nbsp;<strong>un clima de m\u00e9s confian\u00e7a?<\/strong><\/p>\n\n\n\n<p>Estem conven\u00e7uts del&nbsp;<strong>potencial de desenvolupament<\/strong>&nbsp;de les persones. Tothom pot avan\u00e7ar, desenvolupar-se i aportar m\u00e9s i millor a l&#8217;organitzaci\u00f3 a la que pertanyen.<\/p>\n\n\n\n<p>Acompanyar les persones des d&#8217;aquest convenciment ajuda a crear una actitud oberta cap a l&#8217;aprenentatge, contagia curiositat i&nbsp;<strong>mobilitza el canvi<\/strong>.<\/p>\n\n\n\n<p>Treballem els nostres projectes de desenvolupament basant-nos en corrents de coneixement com la Psicologia humanista, la Psicologia Positiva, la PNL i la Indagaci\u00f3 Apreciativa&#8230; Ens aporten eines i metodologies que faciliten l&#8217;aprenentatge i permeten l&#8217;expressi\u00f3 del potencial de les persones incrementant les seves possibilitats de desenvolupament.<\/p>\n\n\n\n<p>Ens centrem en apreciar&nbsp;<strong>les fortaleses<\/strong>, identificar&nbsp;<strong>experi\u00e8ncies d&#8217;\u00e8xit<\/strong>, i dissenyar&nbsp;<strong>escenaris de futur apassionants i desafiadors<\/strong>.<\/p>\n\n\n\n<p>El nostre focus \u00e9s centrar les persones, els equips i l&#8217;empresa per aconseguir els&nbsp;<strong>objectius de creixement que requereix l&#8217;organitzaci\u00f3<\/strong>.<\/p>\n","protected":false},"excerpt":{"rendered":"<p>Et responem preguntant-te: Quins serien els beneficis per a la teva empresa si els l\u00edders dels teus equips&nbsp;desenvolupessin el talent de les persones? Com millorarien els resultats si la comunicaci\u00f3&nbsp;dels teus equips fos m\u00e9s flu\u00efda? Quanta efic\u00e0cia guanyar\u00edem si les persones milloressin la seva&nbsp;gesti\u00f3 del temps&nbsp;i prioritzessin les seves tasques? Quant incrementar\u00edem les vendes si [&hellip;]<\/p>\n","protected":false},"author":1,"featured_media":109,"parent":0,"menu_order":0,"comment_status":"closed","ping_status":"closed","template":"","meta":{"footnotes":""},"class_list":["post-19","page","type-page","status-publish","has-post-thumbnail","hentry"],"_links":{"self":[{"href":"https:\/\/www.evajuncosa.com\/ca\/wp-json\/wp\/v2\/pages\/19","targetHints":{"allow":["GET"]}}],"collection":[{"href":"https:\/\/www.evajuncosa.com\/ca\/wp-json\/wp\/v2\/pages"}],"about":[{"href":"https:\/\/www.evajuncosa.com\/ca\/wp-json\/wp\/v2\/types\/page"}],"author":[{"embeddable":true,"href":"https:\/\/www.evajuncosa.com\/ca\/wp-json\/wp\/v2\/users\/1"}],"replies":[{"embeddable":true,"href":"https:\/\/www.evajuncosa.com\/ca\/wp-json\/wp\/v2\/comments?post=19"}],"version-history":[{"count":2,"href":"https:\/\/www.evajuncosa.com\/ca\/wp-json\/wp\/v2\/pages\/19\/revisions"}],"predecessor-version":[{"id":110,"href":"https:\/\/www.evajuncosa.com\/ca\/wp-json\/wp\/v2\/pages\/19\/revisions\/110"}],"wp:featuredmedia":[{"embeddable":true,"href":"https:\/\/www.evajuncosa.com\/ca\/wp-json\/wp\/v2\/media\/109"}],"wp:attachment":[{"href":"https:\/\/www.evajuncosa.com\/ca\/wp-json\/wp\/v2\/media?parent=19"}],"curies":[{"name":"wp","href":"https:\/\/api.w.org\/{rel}","templated":true}]}}