{"id":21,"date":"2019-01-13T08:59:46","date_gmt":"2019-01-13T06:59:46","guid":{"rendered":"http:\/\/www.feedback-rh.com\/?page_id=21"},"modified":"2019-01-14T00:42:38","modified_gmt":"2019-01-13T22:42:38","slug":"com","status":"publish","type":"page","link":"https:\/\/www.evajuncosa.com\/ca\/com\/","title":{"rendered":"Com?"},"content":{"rendered":"\n<h3 class=\"wp-block-heading\">1.&nbsp; Diagn\u00f2stic de la situaci\u00f3 actual:<\/h3>\n\n\n\n<p>Detectem les necessitats percebudes per l&#8217;empresa i pels futurs participants en l&#8217;acci\u00f3 de desenvolupament mitjan\u00e7ant preguntes sobre les seves fortaleses i les seves \u00e0rees de desenvolupament. Apreciar les fortaleses i acceptar les \u00e0rees de millora facilita l&#8217;obertura i la bona predisposici\u00f3 cap a l&#8217;aprenentatge.<\/p>\n\n\n\n<p><strong>Objectiu:<\/strong><\/p>\n\n\n\n<p>Identificar. Quin \u00e9s el nostre punt de partida?<\/p>\n\n\n\n<h3 class=\"wp-block-heading\">2.&nbsp; Definici\u00f3 dels objectius:<\/h3>\n\n\n\n<p>Acompanyem les parts implicades perqu\u00e8 visualitzin, somi\u00efn i dissenyin un futur millor. \u00c9s fonamental perqu\u00e8 anhelin la transformaci\u00f3 buscada.<\/p>\n\n\n\n<p><strong>Objectiu:<\/strong><\/p>\n\n\n\n<p>Definir objectius precisos i mesurables permet ser efica\u00e7os. Quins resultats volem obtenir?<\/p>\n\n\n\n<h3 class=\"wp-block-heading\">3.&nbsp; Valoraci\u00f3 de les partes implicades:<\/h3>\n\n\n\n<p>Identifiquem les persones clau que han de participar en l\u2019acci\u00f3, en funci\u00f3 dels objectius definits.<\/p>\n\n\n\n<p><strong>Objectiu:<\/strong><\/p>\n\n\n\n<p>Definir als membres de l\u2019equip de treball. Qui ha de participar?<\/p>\n\n\n\n<h3 class=\"wp-block-heading\">4.&nbsp; Disseny del projecte a mida:<\/h3>\n\n\n\n<p>Dibuixem el teu projecte, integrant enfocaments, t\u00e8cniques i metodologies de diferents disciplines humanistes. Una visi\u00f3 integral, juntament amb la nostra experi\u00e8ncia com a consultoria d&#8217;empreses, ens donen l&#8217;experi\u00e8ncia i la versatilitat per a definir un projecte dirigit a la consecuci\u00f3 dels objectius.<\/p>\n\n\n\n<p><strong>Objectiu:<\/strong><\/p>\n\n\n\n<p>Definir el pla de treball. Com aconseguirem els resultats?<\/p>\n\n\n\n<h3 class=\"wp-block-heading\">5.&nbsp; Realitzaci\u00f3 del proc\u00e9s de desenvolupament:<\/h3>\n\n\n\n<p>Els processos de desenvolupament persegueixen la presa de consci\u00e8ncia, assumir la pr\u00f2pia responsabilitat, potenciar o dotar les habilitats adequades i comprometre&#8217;s en un pla d&#8217;acci\u00f3 reptador i realista.<\/p>\n\n\n\n<p><strong>Objectiu:<\/strong><\/p>\n\n\n\n<p>Activar el pla de acci\u00f3 dissenyat. Posem mans a l\u2019obra!\/Fem-ho!<\/p>\n\n\n\n<h3 class=\"wp-block-heading\">6.&nbsp; Avaluaci\u00f3 dels resultats:<\/h3>\n\n\n\n<p>En finalitzar el proc\u00e9s ens reunim amb els responsables del projecte per analitzar el feedback dels reptes assolits, aix\u00ed com oferir recomanacions per impulsar l&#8217;aplicabilitat dels plans d&#8217;acci\u00f3<\/p>\n\n\n\n<p><strong>Objectiu:<\/strong><\/p>\n\n\n\n<p>Monitorar els resultats aconseguits i detectar oportunitats de millora. Qu\u00e8 hem aconseguit?<\/p>\n\n\n\n<h3 class=\"wp-block-heading\">7.&nbsp; Seguiment dels resultats:<\/h3>\n\n\n\n<p>Suggerim realitzar un seguiment dels plans d&#8217;acci\u00f3 transcorreguts dos mesos des de la finalitzaci\u00f3 del proc\u00e9s de desenvolupament. El seguiment permet potenciar els resultats, recon\u00e8ixer els assoliments i identificar obstacles en la consecuci\u00f3 dels objectius, aix\u00ed com els recursos per contrarestar-los<\/p>\n\n\n\n<p><strong>Objectiu:<\/strong><\/p>\n\n\n\n<p>Treballar les oportunitats de millora. Qu\u00e8 podem fer per sostenir els resultats en el temps?<\/p>\n","protected":false},"excerpt":{"rendered":"<p>1.&nbsp; Diagn\u00f2stic de la situaci\u00f3 actual: Detectem les necessitats percebudes per l&#8217;empresa i pels futurs participants en l&#8217;acci\u00f3 de desenvolupament mitjan\u00e7ant preguntes sobre les seves fortaleses i les seves \u00e0rees de desenvolupament. Apreciar les fortaleses i acceptar les \u00e0rees de millora facilita l&#8217;obertura i la bona predisposici\u00f3 cap a l&#8217;aprenentatge. Objectiu: Identificar. Quin \u00e9s el [&hellip;]<\/p>\n","protected":false},"author":1,"featured_media":112,"parent":0,"menu_order":0,"comment_status":"closed","ping_status":"closed","template":"","meta":{"footnotes":""},"class_list":["post-21","page","type-page","status-publish","has-post-thumbnail","hentry"],"_links":{"self":[{"href":"https:\/\/www.evajuncosa.com\/ca\/wp-json\/wp\/v2\/pages\/21","targetHints":{"allow":["GET"]}}],"collection":[{"href":"https:\/\/www.evajuncosa.com\/ca\/wp-json\/wp\/v2\/pages"}],"about":[{"href":"https:\/\/www.evajuncosa.com\/ca\/wp-json\/wp\/v2\/types\/page"}],"author":[{"embeddable":true,"href":"https:\/\/www.evajuncosa.com\/ca\/wp-json\/wp\/v2\/users\/1"}],"replies":[{"embeddable":true,"href":"https:\/\/www.evajuncosa.com\/ca\/wp-json\/wp\/v2\/comments?post=21"}],"version-history":[{"count":2,"href":"https:\/\/www.evajuncosa.com\/ca\/wp-json\/wp\/v2\/pages\/21\/revisions"}],"predecessor-version":[{"id":113,"href":"https:\/\/www.evajuncosa.com\/ca\/wp-json\/wp\/v2\/pages\/21\/revisions\/113"}],"wp:featuredmedia":[{"embeddable":true,"href":"https:\/\/www.evajuncosa.com\/ca\/wp-json\/wp\/v2\/media\/112"}],"wp:attachment":[{"href":"https:\/\/www.evajuncosa.com\/ca\/wp-json\/wp\/v2\/media?parent=21"}],"curies":[{"name":"wp","href":"https:\/\/api.w.org\/{rel}","templated":true}]}}