{"id":27,"date":"2019-01-13T09:00:47","date_gmt":"2019-01-13T07:00:47","guid":{"rendered":"http:\/\/www.feedback-rh.com\/?page_id=27"},"modified":"2019-01-14T00:46:23","modified_gmt":"2019-01-13T22:46:23","slug":"projectes-educatius","status":"publish","type":"page","link":"https:\/\/www.evajuncosa.com\/ca\/projectes\/projectes-educatius\/","title":{"rendered":"Projectes educatius"},"content":{"rendered":"\n<h3 class=\"wp-block-heading\">SECTOR EDUCATIU<\/h3>\n\n\n\n<p><strong>Alguns dels nostres projectes de desenvolupament en el camp educatiu s\u00f3n:<\/strong><\/p>\n\n\n\n<p><span class=\"number\">01<\/span>&nbsp;<strong>Joves<\/strong><br>Taller d\u2019entrenament de compet\u00e8ncies socials dirigit a alumnes de 1er. de Batxillerat (Escola concertada).<br>Taller d\u2019orientaci\u00f3 vocacional dirigit a alumnes de 1er. de Batxillerat (Escola concertada).<br>Seminari de t\u00e8cniques de presentacions en p\u00fablic dirigit a alumnes del grau d\u2019Administraci\u00f3 i Direcci\u00f3 d\u2019Empreses (escola de negocis).<\/p>\n\n\n\n<p><span class=\"number\">02<\/span>&nbsp;<strong>Professorat i Directors de Centres<\/strong><br>Treball en equip dirigit al equip directiu (Escola per a discapacitats).<br>Cursos de lideratge dirigit a directores d\u2019Escoles Bressol (Fundaci\u00f3).<br>Curs sobre com millorar la relaci\u00f3 en l\u2019equip d\u2019Educadores (Escola concertada).<br>Com dur a terme un canvi d\u2019identitat d\u2019Escoles Bressol dirigit a Cap d&#8217;escoles, coordinadores, directores i educadores de les escoles (Fundaci\u00f3).<br>Taller sobre Recursos per a potenciar les relacions amb els nostres equips dirigit a directius i comandaments intermedis (Institut p\u00fablic de cicles formatius).<br>Entrevistes \u00fatils i profitoses amb els alumnes (Institut p\u00fablic de cicles formatius).<\/p>\n\n\n\n<p><span class=\"number\">03<\/span>&nbsp;<strong>Pares<\/strong><\/p>\n\n\n\n<p>Programa FEAC&nbsp; 2.002-2.012<\/p>\n\n\n\n<p>Organitzaci\u00f3, gesti\u00f3 i animaci\u00f3 de sessions trimestrals amb mestres i pares amb la finalitat de fomentar el di\u00e0leg, la participaci\u00f3 i crear reflexi\u00f3 sobre l\u2019educaci\u00f3 dels fills i\/o alumnes.&nbsp;<br>Gesti\u00f3 de l\u2019escola de pares: gaudir tot educant (llar d\u2019infants).<br>Tallers dirigits a pares d\u2019Escoles Bressol (escoles concertades): Com fomentar una autoestima positiva en el nostres fills?<br>Conferenciant de la CCAPAC (Confederaci\u00f3 Cristiana d\u2019Associacions de pares i mares d\u2019alumnes de Catalunya): Com desenvolupar&nbsp; la millor versi\u00f3 dels nostres fills?<\/p>\n","protected":false},"excerpt":{"rendered":"<p>SECTOR EDUCATIU Alguns dels nostres projectes de desenvolupament en el camp educatiu s\u00f3n: 01&nbsp;JovesTaller d\u2019entrenament de compet\u00e8ncies socials dirigit a alumnes de 1er. de Batxillerat (Escola concertada).Taller d\u2019orientaci\u00f3 vocacional dirigit a alumnes de 1er. de Batxillerat (Escola concertada).Seminari de t\u00e8cniques de presentacions en p\u00fablic dirigit a alumnes del grau d\u2019Administraci\u00f3 i Direcci\u00f3 d\u2019Empreses (escola de [&hellip;]<\/p>\n","protected":false},"author":1,"featured_media":119,"parent":25,"menu_order":0,"comment_status":"closed","ping_status":"closed","template":"","meta":{"footnotes":""},"class_list":["post-27","page","type-page","status-publish","has-post-thumbnail","hentry"],"_links":{"self":[{"href":"https:\/\/www.evajuncosa.com\/ca\/wp-json\/wp\/v2\/pages\/27","targetHints":{"allow":["GET"]}}],"collection":[{"href":"https:\/\/www.evajuncosa.com\/ca\/wp-json\/wp\/v2\/pages"}],"about":[{"href":"https:\/\/www.evajuncosa.com\/ca\/wp-json\/wp\/v2\/types\/page"}],"author":[{"embeddable":true,"href":"https:\/\/www.evajuncosa.com\/ca\/wp-json\/wp\/v2\/users\/1"}],"replies":[{"embeddable":true,"href":"https:\/\/www.evajuncosa.com\/ca\/wp-json\/wp\/v2\/comments?post=27"}],"version-history":[{"count":2,"href":"https:\/\/www.evajuncosa.com\/ca\/wp-json\/wp\/v2\/pages\/27\/revisions"}],"predecessor-version":[{"id":118,"href":"https:\/\/www.evajuncosa.com\/ca\/wp-json\/wp\/v2\/pages\/27\/revisions\/118"}],"up":[{"embeddable":true,"href":"https:\/\/www.evajuncosa.com\/ca\/wp-json\/wp\/v2\/pages\/25"}],"wp:featuredmedia":[{"embeddable":true,"href":"https:\/\/www.evajuncosa.com\/ca\/wp-json\/wp\/v2\/media\/119"}],"wp:attachment":[{"href":"https:\/\/www.evajuncosa.com\/ca\/wp-json\/wp\/v2\/media?parent=27"}],"curies":[{"name":"wp","href":"https:\/\/api.w.org\/{rel}","templated":true}]}}