{"id":29,"date":"2019-01-13T09:01:12","date_gmt":"2019-01-13T07:01:12","guid":{"rendered":"http:\/\/www.feedback-rh.com\/?page_id=29"},"modified":"2019-01-14T00:57:07","modified_gmt":"2019-01-13T22:57:07","slug":"clients","status":"publish","type":"page","link":"https:\/\/www.evajuncosa.com\/ca\/clients\/","title":{"rendered":"Clients"},"content":{"rendered":"\n<div class=\"wp-block-columns has-2-columns is-layout-flex wp-container-core-columns-is-layout-9d6595d7 wp-block-columns-is-layout-flex\">\n<div class=\"wp-block-column is-layout-flow wp-block-column-is-layout-flow\">\n<ul class=\"gkBullet4\">\n<li>ABB<\/li>\n<li>Adhuo Peluquerias<\/li>\n<li>Banc de Sabadell<\/li>\n<li>Banca Reig<\/li>\n<li>Bioib\u00e9rica<\/li>\n<li>CAFOSA<\/li>\n<li>Caixa Catalunya<\/li>\n<li>Cambra de Comer\u00e7 de Sabadell<\/li>\n<li>Consorci Hospitalari de Vic<\/li>\n<li>C\u00edrculo de Lectores<\/li>\n<li>Conmasa<\/li>\n<li>Dogi S.A.<\/li>\n<li>Domedel<\/li>\n<li>e-\u201dla Caixa\u201d<\/li>\n<li>Enher<\/li>\n<li>Escuela de Administraci\u00f3n de Empresas (ESADE).<\/li>\n<li>Estabanell &amp; Pahisa<\/li>\n<li>Ferrocarrils de la Generalitat de Catalunya<\/li>\n<\/ul>\n<\/div>\n\n\n\n<div class=\"wp-block-column is-layout-flow wp-block-column-is-layout-flow\">\n<ul class=\"gkBullet4\">\n<li>General Biscuits Espa\u00f1a<\/li>\n<li>Generalitat de Catalunya. Departament de industria i energia<\/li>\n<li>Girbau<\/li>\n<li>Gotex<\/li>\n<li>Grup Moventia<\/li>\n<li>Grup Vallescar<\/li>\n<li>Hewlett Packard<\/li>\n<li>Hospital de Mollet<\/li>\n<li>Ilpea<\/li>\n<li>Institut Castellarnau<\/li>\n<li>Isofix<\/li>\n<li>laCaixa<\/li>\n<li>Lear<\/li>\n<li>Mutualitat d\u2019Enginyers<\/li>\n<li>Mutua Universal<\/li>\n<li>Fundaci\u00f3 Pere Tarr\u00e9s<\/li>\n<li>Pfizer<br><br><\/li>\n<\/ul>\n<\/div>\n<\/div>\n","protected":false},"excerpt":{"rendered":"<p>ABB Adhuo Peluquerias Banc de Sabadell Banca Reig Bioib\u00e9rica CAFOSA Caixa Catalunya Cambra de Comer\u00e7 de Sabadell Consorci Hospitalari de Vic C\u00edrculo de Lectores Conmasa Dogi S.A. Domedel e-\u201dla Caixa\u201d Enher Escuela de Administraci\u00f3n de Empresas (ESADE). Estabanell &amp; Pahisa Ferrocarrils de la Generalitat de Catalunya General Biscuits Espa\u00f1a Generalitat de Catalunya. Departament de industria [&hellip;]<\/p>\n","protected":false},"author":1,"featured_media":122,"parent":0,"menu_order":0,"comment_status":"closed","ping_status":"closed","template":"","meta":{"footnotes":""},"class_list":["post-29","page","type-page","status-publish","has-post-thumbnail","hentry"],"_links":{"self":[{"href":"https:\/\/www.evajuncosa.com\/ca\/wp-json\/wp\/v2\/pages\/29","targetHints":{"allow":["GET"]}}],"collection":[{"href":"https:\/\/www.evajuncosa.com\/ca\/wp-json\/wp\/v2\/pages"}],"about":[{"href":"https:\/\/www.evajuncosa.com\/ca\/wp-json\/wp\/v2\/types\/page"}],"author":[{"embeddable":true,"href":"https:\/\/www.evajuncosa.com\/ca\/wp-json\/wp\/v2\/users\/1"}],"replies":[{"embeddable":true,"href":"https:\/\/www.evajuncosa.com\/ca\/wp-json\/wp\/v2\/comments?post=29"}],"version-history":[{"count":3,"href":"https:\/\/www.evajuncosa.com\/ca\/wp-json\/wp\/v2\/pages\/29\/revisions"}],"predecessor-version":[{"id":124,"href":"https:\/\/www.evajuncosa.com\/ca\/wp-json\/wp\/v2\/pages\/29\/revisions\/124"}],"wp:featuredmedia":[{"embeddable":true,"href":"https:\/\/www.evajuncosa.com\/ca\/wp-json\/wp\/v2\/media\/122"}],"wp:attachment":[{"href":"https:\/\/www.evajuncosa.com\/ca\/wp-json\/wp\/v2\/media?parent=29"}],"curies":[{"name":"wp","href":"https:\/\/api.w.org\/{rel}","templated":true}]}}