{"id":183,"date":"2019-02-12T17:56:49","date_gmt":"2019-02-12T15:56:49","guid":{"rendered":"http:\/\/www.feedback-rh.com\/?page_id=183"},"modified":"2019-02-12T17:57:15","modified_gmt":"2019-02-12T15:57:15","slug":"para-que","status":"publish","type":"page","link":"https:\/\/www.evajuncosa.com\/es\/para-que\/","title":{"rendered":"\u00bfPara que?"},"content":{"rendered":"\n<h3 class=\"wp-block-heading\">Te respondemos pregunt\u00e1ndote:<\/h3>\n\n\n\n<p>\u00bfCu\u00e1les serian los beneficios para tu empresa si los l\u00edderes de tus equipos&nbsp;<strong>desarrollasen el talento de las personas?<\/strong><\/p>\n\n\n\n<p>\u00bfC\u00f3mo mejorar\u00edan los resultados si la&nbsp;<strong>comunicaci\u00f3n de tus equipos fuese m\u00e1s fluida?<\/strong><\/p>\n\n\n\n<p>\u00bfCu\u00e1nta eficacia ganar\u00edamos si las personas mejorasen su&nbsp;<strong>gesti\u00f3n del tiempo<\/strong>&nbsp;y priorizasen sus tareas?<\/p>\n\n\n\n<p>\u00bfCu\u00e1nto incrementar\u00edamos las ventas si los vendedores&nbsp;<strong>gestionasen mejor las objeciones?<\/strong><\/p>\n\n\n\n<p>\u00bfCu\u00e1les serian los resultados y la imagen que proyectar\u00edamos en el mercado si&nbsp;<strong>los departamentos y equipos estuviesen alineados hacia los mismos objetivos estrat\u00e9gicos?<\/strong><\/p>\n\n\n\n<p>\u00bfC\u00f3mo se beneficiar\u00edan las personas y que resultados obtendr\u00edamos, si cre\u00e1ramos un&nbsp;<strong>clima de mayor confianza?<\/strong><\/p>\n\n\n\n<p>Estamos convencidos del&nbsp;<strong>potencial de desarrollo<\/strong>&nbsp;de las personas. Todos pueden avanzar, desarrollarse y aportar m\u00e1s y mejor a la organizaci\u00f3n que pertenecen.<\/p>\n\n\n\n<p>Acompa\u00f1ar a las personas desde este convencimiento ayuda a&nbsp; crear una actitud abierta hacia el aprendizaje, contagia curiosidad y&nbsp;<strong>moviliza al cambio<\/strong>.<\/p>\n\n\n\n<p>Trabajamos nuestros proyectos de desarrollo bas\u00e1ndonos en corrientes de conocimiento como la Psicolog\u00eda humanista, la Psicolog\u00eda Positiva, la PNL y la Indagaci\u00f3n Apreciativa&#8230; Nos aportan herramientas y metodolog\u00edas que facilitan el aprendizaje y permiten la expresi\u00f3n del potencial de las personas incrementando sus posibilidades de desarrollo.<\/p>\n\n\n\n<p>Nos centramos en apreciar<strong>&nbsp;las fortalezas<\/strong>, identificar&nbsp;<strong>experiencias de \u00e9xito<\/strong>, y dise\u00f1ar&nbsp;<strong>escenarios de futuro apasionantes y desafiantes<\/strong>.<\/p>\n\n\n\n<p>Nuestro foco es centrar a las personas, los equipos y a la empresa para conseguir los&nbsp;<strong>objetivos de crecimiento que requiere la&nbsp;organizaci\u00f3n<\/strong>.<\/p>\n","protected":false},"excerpt":{"rendered":"<p>Te respondemos pregunt\u00e1ndote: \u00bfCu\u00e1les serian los beneficios para tu empresa si los l\u00edderes de tus equipos&nbsp;desarrollasen el talento de las personas? \u00bfC\u00f3mo mejorar\u00edan los resultados si la&nbsp;comunicaci\u00f3n de tus equipos fuese m\u00e1s fluida? \u00bfCu\u00e1nta eficacia ganar\u00edamos si las personas mejorasen su&nbsp;gesti\u00f3n del tiempo&nbsp;y priorizasen sus tareas? \u00bfCu\u00e1nto incrementar\u00edamos las ventas si los vendedores&nbsp;gestionasen mejor las [&hellip;]<\/p>\n","protected":false},"author":1,"featured_media":209,"parent":0,"menu_order":0,"comment_status":"closed","ping_status":"closed","template":"","meta":{"footnotes":""},"class_list":["post-183","page","type-page","status-publish","has-post-thumbnail","hentry"],"_links":{"self":[{"href":"https:\/\/www.evajuncosa.com\/es\/wp-json\/wp\/v2\/pages\/183","targetHints":{"allow":["GET"]}}],"collection":[{"href":"https:\/\/www.evajuncosa.com\/es\/wp-json\/wp\/v2\/pages"}],"about":[{"href":"https:\/\/www.evajuncosa.com\/es\/wp-json\/wp\/v2\/types\/page"}],"author":[{"embeddable":true,"href":"https:\/\/www.evajuncosa.com\/es\/wp-json\/wp\/v2\/users\/1"}],"replies":[{"embeddable":true,"href":"https:\/\/www.evajuncosa.com\/es\/wp-json\/wp\/v2\/comments?post=183"}],"version-history":[{"count":2,"href":"https:\/\/www.evajuncosa.com\/es\/wp-json\/wp\/v2\/pages\/183\/revisions"}],"predecessor-version":[{"id":211,"href":"https:\/\/www.evajuncosa.com\/es\/wp-json\/wp\/v2\/pages\/183\/revisions\/211"}],"wp:featuredmedia":[{"embeddable":true,"href":"https:\/\/www.evajuncosa.com\/es\/wp-json\/wp\/v2\/media\/209"}],"wp:attachment":[{"href":"https:\/\/www.evajuncosa.com\/es\/wp-json\/wp\/v2\/media?parent=183"}],"curies":[{"name":"wp","href":"https:\/\/api.w.org\/{rel}","templated":true}]}}