{"id":184,"date":"2019-02-12T17:58:21","date_gmt":"2019-02-12T15:58:21","guid":{"rendered":"http:\/\/www.feedback-rh.com\/?page_id=184"},"modified":"2019-02-12T18:02:11","modified_gmt":"2019-02-12T16:02:11","slug":"politica-privacidad","status":"publish","type":"page","link":"https:\/\/www.evajuncosa.com\/es\/politica-privacidad\/","title":{"rendered":"Pol\u00edtica de privacidad"},"content":{"rendered":"\n<p><strong>FEEDBACK Desarrollo Empresarial S.L.<\/strong> se compromete a cumplir su obligaci\u00f3n de mantener en secreto los datos de car\u00e1cter personal y su deber de tratarlos con confidencialidad y, a estos efectos, ha adoptado las medidas necesarias para evitar su alteraci\u00f3n, p\u00e9rdida, tratamiento o el acceso no autorizado, teniendo en cuenta en todo momento del estado de la tecnolog\u00eda de conformidad con lo previsto en la legislaci\u00f3n en materia de protecci\u00f3n de datos de car\u00e1cter personal que sea aplicable en Espa\u00f1a en cada momento.<\/p>\n\n\n\n<p><strong>FEEDBACK Desarrollo Empresarial S.L.<\/strong> se compromete a garantizar el derecho al olvido, el derecho a la portabilidad y el derecho a la limitaci\u00f3n del tratamiento de los datos personales facilitados por sus clientes, sean empresas o particulares.<\/p>\n\n\n\n<p><strong>FEEDBACK Desarrollo Empresarial S.L. se compromete a:<\/strong><\/p>\n\n\n\n<ul class=\"wp-block-list\"><li>A dise\u00f1ar la protecci\u00f3n de datos desde el inicio de cada proyecto.<\/li><li>Nombrar un responsable de la protecci\u00f3n de datos.<\/li><li>Pedir el consentimiento inequ\u00edvoco del usuario con una acci\u00f3n positiva, excluyendo el consentimiento t\u00e1cito.<\/li><li>Evaluar cada a\u00f1o la protecci\u00f3n de datos para cada uno de los servicios ofrecidos y para las actividades de la empresa, y para cada soporte de conservaci\u00f3n de los datos personales.<\/li><li>Documentar las actividades del tratamiento.<\/li><li>Avisar a la persona afectada de la vulneraci\u00f3n del secreto de los datos personales o de su tratamiento inadecuados y ofrecer las soluciones de reparaci\u00f3n adecuadas a la situaci\u00f3n en concreto de la forma m\u00e1s r\u00e1pida posible.<\/li><\/ul>\n\n\n\n<p><strong>Con qu\u00e9 finalidad utilizamos sus datos?<\/strong><\/p>\n\n\n\n<p>Para poderle enviar informaci\u00f3n relativa a nuestros servicios y as\u00ed como nuestro Bolet\u00edn Electr\u00f3nico.<\/p>\n\n\n\n<p>El Usuario acepta que los datos personales facilitados se usen con el fin de:<\/p>\n\n\n\n<ul class=\"wp-block-list\"><li>Comunicaros novedades del sector de los recursos humanos que le afecten.<\/li><li>Comunicar nuevos servicios ofrecidos por FEEDBACK Desarrollo Empresarial S.L. relacionados con el servicio contratado.<\/li><\/ul>\n\n\n\n<p>Trataremos sus datos personales de forma confidencial para gestionar su relaci\u00f3n con la entidad FEEDBACK Desarrollo Empresarial S.L. En ning\u00fan caso cederemos sus datos personales a terceros sin su consentimiento previo.<\/p>\n\n\n\n<p>El per\u00edodo de conservaci\u00f3n de los datos ser\u00e1 el necesario para llevar a cabo la gesti\u00f3n de su relaci\u00f3n con la entidad, y en todo caso, cuando finalice la relaci\u00f3n por un m\u00e1ximo de diez a\u00f1os.<del><br><\/del><\/p>\n\n\n\n<p>Estrictamente para la gesti\u00f3n de sus datos personales, FEEDBACK Desarrollo Empresarial S.L. podr\u00e1 emplear software que los puede guardar en los EEUU. Esta transferencia est\u00e1 amparada en el Escudo de Privacidad EU &#8211; EEUU.<\/p>\n\n\n\n<p>En cualquier momento podr\u00e1 ejercer sus derechos de acceso, rectificaci\u00f3n, cancelaci\u00f3n y oposici\u00f3n, as\u00ed como, en su caso, el derecho de portabilidad y limitaci\u00f3n del tratamiento, recogidos en el RGPD (UE) 216\/679, por correo electr\u00f3nico a&nbsp;<a href=\"mailto:info@feedback-rh.com\">info@feedback-rh.com<\/a><\/p>\n\n\n\n<p><strong>INFORMACI\u00d3N B\u00c1SICA SOBRE PROTECCI\u00d3N DE DATOS<\/strong><\/p>\n\n\n\n<table class=\"wp-block-table\"><tbody><tr><td>Responsable<\/td><td><strong>FEEDBACK Desarrollo Empresarial S.L.<\/strong><\/td><\/tr><tr><td>Finalitat\/Finalidad<\/td><td>Comunicar noves activitats i novetats del sector dels recursos humans\/Comunicar nuevas actividades y novedades del sector de recursos humanos<\/td><\/tr><tr><td>Legitimaci\u00f3\/Legitimaci\u00f3n<\/td><td>Consentiment de la persona usu\u00e0ria\/ Consentimiento de la persona usuaria<\/td><\/tr><tr><td>Destinataris\/Destinatarios<\/td><td>No es podran comunicar a cap altra entitat\/No se pueden comunicar a ninguna otra entidad<\/td><\/tr><tr><td>Drets\/Derechos<\/td><td>Accedir, rectificar, suprimir i oposar-se, aix\u00ed com altres drets que es detallen en la&nbsp;pol\u00edtica de privacitat&nbsp;\/ Acceder, rectificar, suprimir, y oponerse, as\u00ed como los dem\u00e1s derechos que se detallan en la&nbsp;pol\u00edtica de privacidad<\/td><\/tr><tr><td>Informaci\u00f3 Addicional\/ Informaci\u00f3n Adicional<\/td><td>Pots consultar informaci\u00f3 addicional sobre el tractament de les dades personals a la secci\u00f3 de&nbsp;pol\u00edtica de privacitat\/ Puedes consultar informaci\u00f3n adicional sobre el tratamiento de los datos personales en la secci\u00f3n de&nbsp;pol\u00edtica de privacidad.<\/td><\/tr><\/tbody><\/table>\n","protected":false},"excerpt":{"rendered":"<p>FEEDBACK Desarrollo Empresarial S.L. se compromete a cumplir su obligaci\u00f3n de mantener en secreto los datos de car\u00e1cter personal y su deber de tratarlos con confidencialidad y, a estos efectos, ha adoptado las medidas necesarias para evitar su alteraci\u00f3n, p\u00e9rdida, tratamiento o el acceso no autorizado, teniendo en cuenta en todo momento del estado de [&hellip;]<\/p>\n","protected":false},"author":1,"featured_media":0,"parent":0,"menu_order":0,"comment_status":"closed","ping_status":"closed","template":"","meta":{"footnotes":""},"class_list":["post-184","page","type-page","status-publish","hentry"],"_links":{"self":[{"href":"https:\/\/www.evajuncosa.com\/es\/wp-json\/wp\/v2\/pages\/184","targetHints":{"allow":["GET"]}}],"collection":[{"href":"https:\/\/www.evajuncosa.com\/es\/wp-json\/wp\/v2\/pages"}],"about":[{"href":"https:\/\/www.evajuncosa.com\/es\/wp-json\/wp\/v2\/types\/page"}],"author":[{"embeddable":true,"href":"https:\/\/www.evajuncosa.com\/es\/wp-json\/wp\/v2\/users\/1"}],"replies":[{"embeddable":true,"href":"https:\/\/www.evajuncosa.com\/es\/wp-json\/wp\/v2\/comments?post=184"}],"version-history":[{"count":2,"href":"https:\/\/www.evajuncosa.com\/es\/wp-json\/wp\/v2\/pages\/184\/revisions"}],"predecessor-version":[{"id":215,"href":"https:\/\/www.evajuncosa.com\/es\/wp-json\/wp\/v2\/pages\/184\/revisions\/215"}],"wp:attachment":[{"href":"https:\/\/www.evajuncosa.com\/es\/wp-json\/wp\/v2\/media?parent=184"}],"curies":[{"name":"wp","href":"https:\/\/api.w.org\/{rel}","templated":true}]}}