{"id":190,"date":"2019-02-12T18:11:43","date_gmt":"2019-02-12T16:11:43","guid":{"rendered":"http:\/\/www.feedback-rh.com\/?page_id=190"},"modified":"2019-02-12T18:12:03","modified_gmt":"2019-02-12T16:12:03","slug":"eva-juncosa","status":"publish","type":"page","link":"https:\/\/www.evajuncosa.com\/es\/que-hago\/eva-juncosa\/","title":{"rendered":"Eva Juncosa"},"content":{"rendered":"\n<h3 class=\"wp-block-heading\">Mi pasi\u00f3n<\/h3>\n\n\n\n<p>Me apasiona conocer y comprender el comportamiento de las personas y grupos. Soy curiosa, me encanta aprender y ofrecer a los dem\u00e1s lo que aprendo (mi mochila de recursos) para facilitar un desarrollo efectivo y completo.<\/p>\n\n\n\n<p>Aprender y acompa\u00f1ar a los dem\u00e1s en su aprendizaje para una buena vida&nbsp; es mi raz\u00f3n de ser.<\/p>\n\n\n\n<p>Creo en el inmenso potencial de aprendizaje del ser humano y mi compromiso es invitar y acompa\u00f1ar a los dem\u00e1s para que lo desarrollen y alcancen su mejor versi\u00f3n. Para m\u00ed el ser humano es un tesoro lleno de posibilidades. Solo necesita que alguien le acompa\u00f1e para descubrirlas.<\/p>\n\n\n\n<p>Mi af\u00e1n de superaci\u00f3n me lleva a buscar la mejor forma de hacer las cosas y a contagiar esta actitud a los dem\u00e1s.<\/p>\n\n\n\n<p>Acompa\u00f1ar a personas y equipos de empresas de diferentes sectores y tama\u00f1os es un proceso de enriquecimiento mutuo, divertido, productivo y retador.<\/p>\n\n\n\n<p>Pero tambi\u00e9n me gusta construir un mundo mejor de otra forma.<\/p>\n\n\n\n<p>Como orgullosa madre de dos hijos, despu\u00e9s de un largo recorrido profesional en el mundo de empresa, me pregunt\u00e9:<strong><em><br>\u00bfC\u00f3mo puedo aplicar todo lo que s\u00e9 y he aprendido en el mundo de las organizaciones, para desarrollar el talento de las futuras generaciones?<\/em><\/strong><\/p>\n\n\n\n<p>As\u00ed empec\u00e9 un nuevo camino como voluntaria del Programa FEAC para acompa\u00f1ar a padres y profesores en la b\u00fasqueda de mejores formas de educar a los hijos y alumnos. Esta experiencia fue tan reveladora para m\u00ed que me dije a misma: \u00a1quiero m\u00e1s de esto en mi vida!<\/p>\n\n\n\n<p>Inici\u00e9 mi compromiso con las futuras generaciones y con el fascinante mundo de la educaci\u00f3n. Por este motivo, actualmente compatibilizo proyectos empresariales con proyectos en el sector educativo (escuelas de padres, formaci\u00f3n de j\u00f3venes y de profesores etc.).<\/p>\n\n\n\n<h3 class=\"wp-block-heading\">Mi formaci\u00f3n<\/h3>\n\n\n\n<p>Me licenci\u00e9 en Psicolog\u00eda Cl\u00ednica e Industrial en 1989. Mi primer contacto con el mundo de desarrollo fue como docente en un curso de formaci\u00f3n ocupacional. Aprender y mostrar lo aprendido fue revelador para m\u00ed. Ya no hab\u00eda vuelta atr\u00e1s\u2026<\/p>\n\n\n\n<p>Desde 1992 soy socio Consultor de Feedback Desarrollo Humano y Organizacional. Desde mi pasi\u00f3n y vocaci\u00f3n en el desarrollo de las personas, hace 20 a\u00f1os que disfruto&nbsp; acompa\u00f1ando a personas, equipos y organizaciones para que alcancen su mejor versi\u00f3n, mediante el coaching, el coaching de equipos y la formaci\u00f3n.<\/p>\n\n\n\n<p>Mis principales funciones son el dise\u00f1o, la direcci\u00f3n, la ejecuci\u00f3n y evaluaci\u00f3n de procesos de desarrollo del potencial en empresas de diferentes sectores y tama\u00f1os (multinacionales, PYMES, empresas familiares).<\/p>\n\n\n\n<p>Empec\u00e9 con el desarrollo de habilidades de orientaci\u00f3n al cliente (tele marketing, t\u00e9cnicas de venta, reclamaciones\u2026) y poco a poco fui centrando mi atenci\u00f3n en el entrenamiento de mandos intermedios y puestos directivos (habilidades de coaching para desarrollar el potencial del equipo, gesti\u00f3n \u00f3ptima del equipo de trabajo, gesti\u00f3n del tiempo, direcci\u00f3n de reuniones\u2026).<\/p>\n\n\n\n<p>En el a\u00f1o 2.000 estudi\u00e9 Programaci\u00f3n Neuroling\u00fc\u00edstica. Esta formaci\u00f3n y mi inter\u00e9s en realizar procesos de desarrollo individuales m\u00e1s all\u00e1 de la formaci\u00f3n en grupo me llevaron al coaching. En el 2005 me certifiqu\u00e9 como coach ontol\u00f3gico.<\/p>\n\n\n\n<p>El coaching complementa mi formaci\u00f3n y me permite dar respuesta a demandas de mis clientes para generar aprendizajes individuales y de mayor profundidad. En el a\u00f1o 2009 me certifiqu\u00e9 como coach de equipos.<\/p>\n","protected":false},"excerpt":{"rendered":"<p>Mi pasi\u00f3n Me apasiona conocer y comprender el comportamiento de las personas y grupos. Soy curiosa, me encanta aprender y ofrecer a los dem\u00e1s lo que aprendo (mi mochila de recursos) para facilitar un desarrollo efectivo y completo. Aprender y acompa\u00f1ar a los dem\u00e1s en su aprendizaje para una buena vida&nbsp; es mi raz\u00f3n de [&hellip;]<\/p>\n","protected":false},"author":1,"featured_media":231,"parent":239,"menu_order":0,"comment_status":"closed","ping_status":"closed","template":"","meta":{"footnotes":""},"class_list":["post-190","page","type-page","status-publish","has-post-thumbnail","hentry"],"_links":{"self":[{"href":"https:\/\/www.evajuncosa.com\/es\/wp-json\/wp\/v2\/pages\/190","targetHints":{"allow":["GET"]}}],"collection":[{"href":"https:\/\/www.evajuncosa.com\/es\/wp-json\/wp\/v2\/pages"}],"about":[{"href":"https:\/\/www.evajuncosa.com\/es\/wp-json\/wp\/v2\/types\/page"}],"author":[{"embeddable":true,"href":"https:\/\/www.evajuncosa.com\/es\/wp-json\/wp\/v2\/users\/1"}],"replies":[{"embeddable":true,"href":"https:\/\/www.evajuncosa.com\/es\/wp-json\/wp\/v2\/comments?post=190"}],"version-history":[{"count":1,"href":"https:\/\/www.evajuncosa.com\/es\/wp-json\/wp\/v2\/pages\/190\/revisions"}],"predecessor-version":[{"id":230,"href":"https:\/\/www.evajuncosa.com\/es\/wp-json\/wp\/v2\/pages\/190\/revisions\/230"}],"up":[{"embeddable":true,"href":"https:\/\/www.evajuncosa.com\/es\/wp-json\/wp\/v2\/pages\/239"}],"wp:featuredmedia":[{"embeddable":true,"href":"https:\/\/www.evajuncosa.com\/es\/wp-json\/wp\/v2\/media\/231"}],"wp:attachment":[{"href":"https:\/\/www.evajuncosa.com\/es\/wp-json\/wp\/v2\/media?parent=190"}],"curies":[{"name":"wp","href":"https:\/\/api.w.org\/{rel}","templated":true}]}}